{"id":8603,"date":"2021-10-01T22:36:02","date_gmt":"2021-10-01T22:36:02","guid":{"rendered":"https:\/\/ouededdahab.info\/?page_id=6048"},"modified":"2024-12-27T16:44:34","modified_gmt":"2024-12-27T16:44:34","slug":"%d9%85%d9%86-%d9%86%d8%ad%d9%86","status":"publish","type":"page","link":"https:\/\/asdaamaghribia.ma\/fr\/%d9%85%d9%86-%d9%86%d8%ad%d9%86\/","title":{"rendered":"Qui sommes-nous?"},"content":{"rendered":"<p><strong>\u0627\u0646\u0637\u0644\u0642\u062a \u0623\u0635\u062f\u0627\u0621 \u0645\u063a\u0631\u0628\u064a\u0629 \u00a0\u0633\u0646\u0629 1993\u060c \u0648\u0647\u064a \u0623\u0648\u0644 \u062c\u0631\u064a\u062f\u0629 \u0648\u0637\u0646\u064a\u0629\u00a0 \u0643\u0627\u0646\u062a \u062a\u062c\u0648\u0644 \u0627\u0644\u0623\u0642\u0627\u0644\u064a\u0645 \u0627\u0644\u062c\u0646\u0648\u0628\u064a\u0629 \u062d\u064a\u062b \u0643\u0627\u0646\u062a \u062a\u0635\u062f\u0631 \u0627\u0644\u0631\u0648\u0628\u0631\u062a\u0627\u062c\u0627\u062a \u0639\u0646 \u0627\u0644\u062a\u0646\u0645\u064a\u0629 \u0627\u0644\u0625\u0642\u062a\u0635\u0627\u062f\u064a\u0629 \u0648\u0627\u0644\u0625\u062c\u062a\u0645\u0627\u0639\u064a\u0629 \u00a0.<\/strong><\/p>\n<p><strong>\u0648\u0627\u0636\u0639\u064a\u0646 \u0627\u0644\u0625\u0646\u0633\u0627\u0646 \u0627\u0644\u0635\u062d\u0631\u0627\u0648\u064a \u0641\u064a \u0642\u0644\u0628 \u0627\u0647\u062a\u0645\u0627\u0645\u0627\u062a\u0646\u0627. \u0648\u0647\u0648 \u0645\u0627 \u0643\u0627\u0646 \u0633\u0628\u0628\u0627 \u0641\u064a \u0625\u0646\u0634\u0627\u0621 \u0645\u0646\u0627\u0628\u0631 \u0623\u062e\u0631\u0649 \u0645\u062d\u0644\u064a\u0629.<\/strong><\/p>\n<p><strong>\u0648\u0645\u0646\u0630 \u0630\u0644\u0643 \u0627\u0644\u062d\u064a\u0646\u060c \u0627\u062a\u0633\u0639 \u0625\u0646\u0634\u0627\u0621 \u0645\u0648\u0627\u0642\u0639 \u00a0\u0625\u0639\u0644\u0627\u0645\u064a\u0629 \u062c\u062f\u064a\u062f\u0629\u060c \u062f\u0648\u0646 \u0623\u0646 \u0646\u0641\u0642\u062f \u0631\u0648\u062d \u0627\u0644\u0631\u064a\u0627\u062f\u0629 \u0627\u0644\u0645\u0633\u062a\u0642\u0644\u0629 \u0627\u0644\u062a\u064a \u0645\u064a\u0632\u062a \u062c\u0631\u064a\u062f\u062a\u0646\u0627 \u0623\u0635\u062f\u0627\u0621 \u0645\u063a\u0631\u0628\u064a\u0629.<\/strong><\/p>\n<p><strong>\u0645\u0646 \u062e\u0644\u0627\u0644 \u0641\u0631\u064a\u0642 \u0639\u0645\u0644 \u0645\u062d\u062a\u0631\u0641 \u064a\u0636\u0645 \u062e\u0628\u0631\u0627\u062a \u0645\u0646 \u0630\u0648\u064a \u0627\u0644\u0643\u0641\u0627\u0621\u0627\u062a \u0627\u0644\u0645\u062a\u0645\u064a\u0632\u0629\u060c \u0646\u0633\u0639\u0649 \u0625\u0644\u0649 \u062a\u0642\u062f\u064a\u0645 \u0645\u062d\u062a\u0648\u0649 \u0645\u0646\u0627\u0633\u0628. \u0628\u0627\u0644\u0627\u0639\u062a\u0645\u0627\u062f \u0639\u0644\u0649 \u0623\u0646\u0641\u0633\u0646\u0627 \u0648\u063a\u0644\u0649 \u0625\u0645\u0643\u0627\u0646\u064a\u0627\u062a\u0646\u0627 \u0627\u0644\u0645\u062a\u0648\u0627\u0636\u0639\u0629 \u0648\u064a\u062a\u0645 \u062a\u0632\u0648\u064a\u062f \u0627\u0644\u0642\u0627\u0631\u0626 \u0627\u064a\u0646 \u0645\u0627 \u0643\u0627\u0646 \u0645\u0646 \u0637\u0646\u062c\u0629 \u0627\u0644\u0649 \u062a\u062e\u0648\u0645 \u0627\u0644\u0635\u062d\u0631\u0627\u0621 \u0627\u0644\u0645\u063a\u0631\u0628\u064a\u0629 \u0628\u0627\u062e\u0628\u0627\u0631 \u062f\u0648\u0644\u064a\u0629\u00a0 \u0648\u0641\u064a \u062c\u0645\u064a\u0639 \u0627\u0644\u0645\u064a\u0627\u062f\u064a\u0646.<\/strong><\/p>\n<p><strong>\u0627\u0644\u0646\u0632\u0627\u0647\u0629 \u0648\u0627\u0644\u0627\u062d\u062a\u0631\u0627\u0645 \u0623\u0633\u0627\u0633 \u0639\u0645\u0644\u0646\u0627\u060c \u0644\u0630\u0644\u0643 \u0646\u0633\u0644\u0637 \u0627\u0644\u0636\u0648\u0621 \u0639\u0644\u0649 \u0627\u0644\u062d\u0642\u0627\u0626\u0642. \u0631\u0648\u062d\u0646\u0627 \u0627\u0644\u0631\u064a\u0627\u062f\u064a\u0629 \u0647\u064a \u0627\u0644\u062a\u064a \u062a\u062d\u0641\u0632\u0646\u0627 \u0644\u0644\u062a\u0645\u064a\u0632 \u0628\u0627\u0633\u062a\u0645\u0631\u0627\u0631\u060c \u0648\u062a\u062f\u0641\u0639\u0646\u0627 \u0625\u0644\u0649 \u0627\u0644\u0625\u0628\u062f\u0627\u0639 \u0648\u0627\u0644\u0635\u062f\u0642 \u0641\u064a \u0643\u0644 \u0623\u0639\u0645\u0627\u0644\u0646\u0627 \u0627\u0644\u062a\u064a \u062a\u0639\u062a\u0645\u062f \u0639\u0644\u0649 \u0627\u0644\u062d\u064a\u0627\u062f \u0648\u0627\u0644\u062f\u0642\u0629 \u0648 \u0627\u0644\u0634\u0645\u0648\u0644. \u0647\u0630\u0647 \u0642\u064a\u0645\u0646\u0627<\/strong><\/p>\n<p><strong>\u062d\u0627\u0636\u0631\u0648\u0646 \u0631\u063a\u0645 \u0643\u0644 \u0634\u064a\u0621 .. \u0648\u0646\u062a\u0627\u0628\u0639 \u0627\u0644\u0623\u062e\u0628\u0627\u0631 \u0641\u064a \u0643\u0644 \u0634\u0626.. \u0648\u0646\u0632\u0648\u062f\u0643\u0645 \u0628\u0643\u0644 \u0634\u0626<\/strong><\/p>\n<p>&nbsp;<\/p>\n<p>ASDAEMAGHRIBIA a \u00e9t\u00e9 cr\u00e9\u00e9 en 1993 et a \u00e9t\u00e9 le premier journal national \u00e0 parcourir les provinces du sud, o\u00f9 il a publi\u00e9 des reportages sur le d\u00e9veloppement \u00e9conomique et social. Placer l&rsquo;\u00eatre humain de notre Sahara Marocain au c\u0153ur de nos pr\u00e9occupations. Cela a conduit \u00e0 la cr\u00e9ation d\u2019autres plateformes locales. Les \u00e9chos de Smara et La voix de Oued Eddahab Depuis, de nouveaux sites m\u00e9diatiques se sont developp\u00e9s dans ces r\u00e9gions sans que nous perdront l&rsquo;esprit pionnier et ind\u00e9pendant qui distinguait notre journal Asdaa Maghribia. Gr\u00e2ce \u00e0 une \u00e9quipe professionnelle, nous cherchons toujours \u00e0 fournir un contenu appropri\u00e9. En s&rsquo;appuyant sur nous-m\u00eames et sur nos plus modestes capacit\u00e9s, le lecteur b\u00e9n\u00e9ficie, o\u00f9 qu&rsquo;il se trouve, de Tanger aux portes du Sahara marocain, de l&rsquo;actualit\u00e9 internationale dans tous les domaines. Nous augmenterons davantage jusqu&rsquo;\u00e0 ce que le citoyen qui nous suit d\u00e9couvre qu&rsquo;un travail s\u00e9rieux n&rsquo;est pas seulement une question d&rsquo;\u00e9normes sommes d&rsquo;argent qui assurent l&rsquo;impression et l&rsquo;\u00e9dition&#8230; mais plut\u00f4t un professionnalisme ancr\u00e9 dans des principes&#8230;<\/p>\n<p>Nous sommes pr\u00e9sents malgr\u00e9 tout.. et nous suivons l&rsquo;actualit\u00e9 en tout.. et nous vous fournissons tout..<\/p>\n","protected":false},"excerpt":{"rendered":"<p>\u0627\u0646\u0637\u0644\u0642\u062a \u0623\u0635\u062f\u0627\u0621 \u0645\u063a\u0631\u0628\u064a\u0629 \u00a0\u0633\u0646\u0629 1993\u060c \u0648\u0647\u064a \u0623\u0648\u0644 \u062c\u0631\u064a\u062f\u0629 \u0648\u0637\u0646\u064a\u0629\u00a0 \u0643\u0627\u0646\u062a \u062a\u062c\u0648\u0644 \u0627\u0644\u0623\u0642\u0627\u0644\u064a\u0645 \u0627\u0644\u062c\u0646\u0648\u0628\u064a\u0629 \u062d\u064a\u062b \u0643\u0627\u0646\u062a \u062a\u0635\u062f\u0631 \u0627\u0644\u0631\u0648\u0628\u0631\u062a\u0627\u062c\u0627\u062a \u0639\u0646 \u0627\u0644\u062a\u0646\u0645\u064a\u0629 \u0627\u0644\u0625\u0642\u062a\u0635\u0627\u062f\u064a\u0629 \u0648\u0627\u0644\u0625\u062c\u062a\u0645\u0627\u0639\u064a\u0629 \u00a0. \u0648\u0627\u0636\u0639\u064a\u0646 \u0627\u0644\u0625\u0646\u0633\u0627\u0646 \u0627\u0644\u0635\u062d\u0631\u0627\u0648\u064a \u0641\u064a \u0642\u0644\u0628 \u0627\u0647\u062a\u0645\u0627\u0645\u0627\u062a\u0646\u0627. \u0648\u0647\u0648 \u0645\u0627 \u0643\u0627\u0646 \u0633\u0628\u0628\u0627 \u0641\u064a \u0625\u0646\u0634\u0627\u0621 \u0645\u0646\u0627\u0628\u0631 \u0623\u062e\u0631\u0649 \u0645\u062d\u0644\u064a\u0629. \u0648\u0645\u0646\u0630 \u0630\u0644\u0643 \u0627\u0644\u062d\u064a\u0646\u060c \u0627\u062a\u0633\u0639 \u0625\u0646\u0634\u0627\u0621 \u0645\u0648\u0627\u0642\u0639 \u00a0\u0625\u0639\u0644\u0627\u0645\u064a\u0629 \u062c\u062f\u064a\u062f\u0629\u060c \u062f\u0648\u0646 \u0623\u0646 \u0646\u0641\u0642\u062f \u0631\u0648\u062d \u0627\u0644\u0631\u064a\u0627\u062f\u0629 \u0627\u0644\u0645\u0633\u062a\u0642\u0644\u0629 \u0627\u0644\u062a\u064a \u0645\u064a\u0632\u062a \u062c\u0631\u064a\u062f\u062a\u0646\u0627 \u0623\u0635\u062f\u0627\u0621 [&hellip;]<\/p>\n","protected":false},"author":1,"featured_media":0,"parent":0,"menu_order":0,"comment_status":"closed","ping_status":"closed","template":"","meta":{"footnotes":""},"class_list":["post-8603","page","type-page","status-publish","hentry"],"_links":{"self":[{"href":"https:\/\/asdaamaghribia.ma\/fr\/wp-json\/wp\/v2\/pages\/8603","targetHints":{"allow":["GET"]}}],"collection":[{"href":"https:\/\/asdaamaghribia.ma\/fr\/wp-json\/wp\/v2\/pages"}],"about":[{"href":"https:\/\/asdaamaghribia.ma\/fr\/wp-json\/wp\/v2\/types\/page"}],"author":[{"embeddable":true,"href":"https:\/\/asdaamaghribia.ma\/fr\/wp-json\/wp\/v2\/users\/1"}],"replies":[{"embeddable":true,"href":"https:\/\/asdaamaghribia.ma\/fr\/wp-json\/wp\/v2\/comments?post=8603"}],"version-history":[{"count":3,"href":"https:\/\/asdaamaghribia.ma\/fr\/wp-json\/wp\/v2\/pages\/8603\/revisions"}],"predecessor-version":[{"id":11747,"href":"https:\/\/asdaamaghribia.ma\/fr\/wp-json\/wp\/v2\/pages\/8603\/revisions\/11747"}],"wp:attachment":[{"href":"https:\/\/asdaamaghribia.ma\/fr\/wp-json\/wp\/v2\/media?parent=8603"}],"curies":[{"name":"wp","href":"https:\/\/api.w.org\/{rel}","templated":true}]}}